{"id":5,"date":"2015-05-25T09:53:27","date_gmt":"2015-05-25T09:53:27","guid":{"rendered":"https:\/\/www.klemon.sk\/?page_id=5"},"modified":"2016-11-25T17:14:04","modified_gmt":"2016-11-25T16:14:04","slug":"home","status":"publish","type":"page","link":"https:\/\/www.klemon.sk\/de\/","title":{"rendered":"Home"},"content":{"rendered":"<div class=\"row  \" ><div class=\"container\"><div class=\"row row-edge\">\n<div class=\"col-md-12 col-xs-offset-0 col-sm-offset-0 col-md-offset-0 col-lg-offset-0 col-xs-pull-0 col-sm-pull-0 col-md-pull-0 col-lg-pull-0 col-xs-push-0 col-sm-push-0 col-md-push-0 col-lg-push-0\">\n<div class=\"cherry-spacer   hidden-xs hidden-sm\" style=\"height:72px;\"><\/div><div class=\"cherry-spacer   visible-sm-block\" style=\"height:45px;\"><\/div><div class=\"cherry-spacer   visible-xs-block\" style=\"height:45px;\"><\/div>\n<\/div>\n<\/div><\/div><\/div>\n<div class=\"row row-edge  \" >\n<div class=\"col-md-12 col-xs-offset-0 col-sm-offset-0 col-md-offset-0 col-lg-offset-0 col-xs-pull-0 col-sm-pull-0 col-md-pull-0 col-lg-pull-0 col-xs-push-0 col-sm-push-0 col-md-push-0 col-lg-push-0\">\n<div class=\"row  \" ><div class=\"container\"><div class=\"row row-edge\">\n<div class=\"col-md-12 col-xs-offset-0 col-sm-offset-0 col-md-offset-0 col-lg-offset-0 col-xs-pull-0 col-sm-pull-0 col-md-pull-0 col-lg-pull-0 col-xs-push-0 col-sm-push-0 col-md-push-0 col-lg-push-0 custom_color-1\">\n<div class=\"motopress-text-obj\">\n<h6 style=\"text-align: center;\"><span style=\"font-size: 16px;\">\u00a0<\/span><\/h6>\n<\/div>\n<\/div>\n<\/div><\/div><\/div>\n<div class=\"row row-edge  \" >\n<div class=\"col-md-12 col-xs-offset-0 col-sm-offset-0 col-md-offset-0 col-lg-offset-0 col-xs-pull-0 col-sm-pull-0 col-md-pull-0 col-lg-pull-0 col-xs-push-0 col-sm-push-0 col-md-push-0 col-lg-push-0\">\n<div class=\"cherry-spacer   hidden-xs hidden-sm\" style=\"height:16px;\"><\/div><div class=\"cherry-spacer   visible-sm-block\" style=\"height:11px;\"><\/div><div class=\"cherry-spacer   visible-xs-block\" style=\"height:11px;\"><\/div>\n<\/div>\n<\/div>\n<div class=\"row  \" ><div class=\"container\"><div class=\"row row-edge\">\n<div class=\"col-md-12 col-xs-offset-0 col-sm-offset-0 col-md-offset-0 col-lg-offset-0 col-xs-pull-0 col-sm-pull-0 col-md-pull-0 col-lg-pull-0 col-xs-push-0 col-sm-push-0 col-md-push-0 col-lg-push-0\">\n<div class=\"motopress-text-obj\">\n<h1 id=\"sluzby\" style=\"text-align: center;\"><span style=\"color: #ffffff; font-family: SourceSansPro;\"><em>Your perfect MTM supplier.<\/em><\/span><\/h1>\n<\/div>\n<\/div>\n<\/div><\/div><\/div>\n<div class=\"row row-edge hero_indent \" >\n<div class=\"col-md-12 col-xs-offset-0 col-sm-offset-0 col-md-offset-0 col-lg-offset-0 col-xs-pull-0 col-sm-pull-0 col-md-pull-0 col-lg-pull-0 col-xs-push-0 col-sm-push-0 col-md-push-0 col-lg-push-0\">\n<div class=\"cherry-spacer   hidden-xs hidden-sm\" style=\"height:42px;\"><\/div><div class=\"cherry-spacer   visible-sm-block\" style=\"height:30px;\"><\/div><div class=\"cherry-spacer   visible-xs-block\" style=\"height:30px;\"><\/div>\n<\/div>\n<\/div>\n<div class=\"row  \" ><div class=\"container\"><div class=\"row row-edge\">\n<div class=\"col-md-12 col-xs-offset-0 col-sm-offset-0 col-md-offset-0 col-lg-offset-0 col-xs-pull-0 col-sm-pull-0 col-md-pull-0 col-lg-pull-0 col-xs-push-0 col-sm-push-0 col-md-push-0 col-lg-push-0\">\n<div class=\"cherry-swiper-carousel-container\"><section id=\"cherry-swiper-carousel-3\" class=\"cherry-swiper-carousel swiper-container template-swiper_carousel_1 \" data-post-per-page=\"3\" data-slides-per-view=\"3\" data-slides-per-group=\"1\" data-slides-per-column=\"1\" data-space-between-slides=\"0\" data-duration-speed=\"300\" data-swiper-loop=\"1\" data-free-mode=\"\" data-grab-cursor=\"\" data-mouse-wheel=\"\" data-centered-slide=\"\" data-swiper-effect=\"slide\" data-uniq-id=\"swiper-carousel-3\"><div class=\"swiper-wrapper\"><article class=\"cherry-swiper-carousel-slide swiper-slide post-item item-0 odd\"><div class=\"inner clearfix\"><div class=\"inner-wrap\">\r\n<figure class=\"post-thumbnail\"><a href=\"https:\/\/www.klemon.sk\/de\/nezaradene\/mtm\/\" title=\"MTM SERVIS \u2013 ma\u00dfgeschneiderte Produkte\" class=\"post-thumbnail_link\"><img class=\"wp-post-image croped-image \" data-ratio=\"0.592105263158\" width=\"304\" height=\"180\" src=\"https:\/\/www.klemon.sk\/wp-content\/uploads\/2016\/09\/MTM-304x180.jpg\" alt=\"\"><\/a><\/figure>\r\n<div class=\"content-wrap\">\r\n<h4><a href=\"https:\/\/www.klemon.sk\/de\/nezaradene\/mtm\/\" title=\"MTM SERVIS \u2013 ma\u00dfgeschneiderte Produkte\">MTM SERVIS \u2013 ma\u00dfgeschneiderte Produkte<\/a><\/h4>\r\n\r\n<div class=\"post-content part\">Herstellung von ma\u00dfgeschneiderten Oberhemden und Anz\u00fcgen f\u00fcr Herren von Gro\u00dfhandelspartnern. Wir bieten Ihnen eine breite Palette&#8230;<\/div>\r\n<a href=\"https:\/\/www.klemon.sk\/de\/nezaradene\/mtm\/\" class=\"cherry-btn cherry-btn-small cherry-btn-link\">Lees verder<\/a>\r\n<footer>\r\n Responses<\/footer>\r\n<\/div>\r\n<\/div><\/div><\/article><!--\/.cherry-swiper-carousel-item--><article class=\"cherry-swiper-carousel-slide swiper-slide post-item item-1 even\"><div class=\"inner clearfix\"><div class=\"inner-wrap\">\r\n<figure class=\"post-thumbnail\"><a href=\"https:\/\/www.klemon.sk\/de\/nezaradene\/workwear\/\" title=\"Arbeitskleidung\" class=\"post-thumbnail_link\"><img class=\"wp-post-image croped-image \" data-ratio=\"0.592105263158\" width=\"304\" height=\"180\" src=\"https:\/\/www.klemon.sk\/wp-content\/uploads\/2015\/05\/pracovne-oblecenie-304x180.jpg\" alt=\"\"><\/a><\/figure>\r\n<div class=\"content-wrap\">\r\n<h4><a href=\"https:\/\/www.klemon.sk\/de\/nezaradene\/workwear\/\" title=\"Arbeitskleidung\">Arbeitskleidung<\/a><\/h4>\r\n\r\n<div class=\"post-content part\">Wir bieten vielf\u00e4ltige formale Bekleidungen f\u00fcr verschiedene Arbeitsteams an \u2013 zum Beispiel die t\u00e4gliche Arbeitskleidung im&#8230;<\/div>\r\n<a href=\"https:\/\/www.klemon.sk\/de\/nezaradene\/workwear\/\" class=\"cherry-btn cherry-btn-small cherry-btn-link\">Lees verder<\/a>\r\n<footer>\r\n Responses<\/footer>\r\n<\/div>\r\n<\/div><\/div><\/article><!--\/.cherry-swiper-carousel-item--><article class=\"cherry-swiper-carousel-slide swiper-slide post-item item-2 odd\"><div class=\"inner clearfix\"><div class=\"inner-wrap\">\r\n<figure class=\"post-thumbnail\"><a href=\"https:\/\/www.klemon.sk\/de\/nezaradene\/wholesale\/\" title=\"Ma\u00dfgeschneiderte Gro\u00dfhandelsproduktion\" class=\"post-thumbnail_link\"><img class=\"wp-post-image croped-image \" data-ratio=\"0.592105263158\" width=\"304\" height=\"180\" src=\"https:\/\/www.klemon.sk\/wp-content\/uploads\/2015\/05\/velkoobchodna-vyroba-304x180.jpg\" alt=\"\"><\/a><\/figure>\r\n<div class=\"content-wrap\">\r\n<h4><a href=\"https:\/\/www.klemon.sk\/de\/nezaradene\/wholesale\/\" title=\"Ma\u00dfgeschneiderte Gro\u00dfhandelsproduktion\">Ma\u00dfgeschneiderte Gro\u00dfhandelsproduktion<\/a><\/h4>\r\n\r\n<div class=\"post-content part\">Umfangreiche M\u00f6glichkeiten der Serienproduktion zum Beispiel zum weiteren Verkauf im Einzelhandel. Die Produktion kann unter Einsatz<\/div>\r\n<a href=\"https:\/\/www.klemon.sk\/de\/nezaradene\/wholesale\/\" class=\"cherry-btn cherry-btn-small cherry-btn-link\">Lees verder<\/a>\r\n<footer>\r\n Responses<\/footer>\r\n<\/div>\r\n<\/div><\/div><\/article><!--\/.cherry-swiper-carousel-item--><\/div><div id=\"swiper-carousel-3-pagination\" class=\"swiper-pagination\"><\/div><\/section><\/div>\n<\/div>\n<\/div><\/div><\/div>\n<div id=\"ospl\"><\/div>\n<div class=\"row row-edge  \" >\n<div class=\"col-md-12 col-xs-offset-0 col-sm-offset-0 col-md-offset-0 col-lg-offset-0 col-xs-pull-0 col-sm-pull-0 col-md-pull-0 col-lg-pull-0 col-xs-push-0 col-sm-push-0 col-md-push-0 col-lg-push-0\">\n<div class=\"cherry-spacer   hidden-xs hidden-sm\" style=\"height:56px;\"><\/div><div class=\"cherry-spacer   visible-sm-block\" style=\"height:55px;\"><\/div><div class=\"cherry-spacer   visible-xs-block\" style=\"height:55px;\"><\/div>\n<\/div>\n<\/div>\n<div class=\"row row-edge  \" >\n<div class=\"col-md-12\">\n<h2 style=\"text-align: center;\"><strong>\u00dcber uns <\/strong><\/h2>\n<\/div>\n<\/div>\n<div class=\"row row-edge  \" >\n<div class=\"col-md-12 col-xs-offset-0 col-sm-offset-0 col-md-offset-0 col-lg-offset-0 col-xs-pull-0 col-sm-pull-0 col-md-pull-0 col-lg-pull-0 col-xs-push-0 col-sm-push-0 col-md-push-0 col-lg-push-0\">\n<div class=\"cherry-spacer   hidden-xs hidden-sm\" style=\"height:43px;\"><\/div><div class=\"cherry-spacer   visible-sm-block\" style=\"height:30px;\"><\/div><div class=\"cherry-spacer   visible-xs-block\" style=\"height:30px;\"><\/div>\n<\/div>\n<\/div>\n<div class=\"row  \" ><div class=\"container\"><div class=\"row row-edge\">\n<div class=\"col-md-12 col-xs-offset-0 col-sm-offset-0 col-md-offset-0 col-lg-offset-0 col-xs-pull-0 col-sm-pull-0 col-md-pull-0 col-lg-pull-0 col-xs-push-0 col-sm-push-0 col-md-push-0 col-lg-push-0\">\n<div class=\"motopress-text-obj motopress-margin-left-50 motopress-margin-right-50\">\n<h5 style=\"text-align: center;\">Das Unternehmen KLEMON FASHION wurde 1990 als Familienbetrieb gegr\u00fcndet und verf\u00fcgt \u00fcber ein umfangreiches Portefeuille an Bekleidungsproduktion mit Spezialisierung auf Kleinserien und ma\u00dfgeschneiderte Produktlinien. Wir bieten Gro\u00dfhandelspartnern Produktionskapazit\u00e4ten f\u00fcr Bekleidungsprodukte im Rahmen ihrer privaten Modemarken, sowie der Bekleidung ihrer Mitarbeiter. Unsere langj\u00e4hrige Existenz, Erfahrungen und der famili\u00e4re Hintergrund sind eine Verpflichtung und wir leisten zusammen mit unseren \u00fcber 120 Mitarbeitern jeden Tag h\u00f6chsten Einsatz f\u00fcr eine maximale Qualit\u00e4t der Bekleidungsproduktion und unser Kundenservice.<\/h5>\n<\/div>\n<\/div>\n<\/div><\/div><\/div>\n<\/div>\n<\/div>\n<div class=\"row row-edge  \" >\n<div class=\"col-md-12 col-xs-offset-0 col-sm-offset-0 col-md-offset-0 col-lg-offset-0 col-xs-pull-0 col-sm-pull-0 col-md-pull-0 col-lg-pull-0 col-xs-push-0 col-sm-push-0 col-md-push-0 col-lg-push-0\">\n<div class=\"cherry-spacer   hidden-xs hidden-sm\" style=\"height:114px;\"><\/div><div class=\"cherry-spacer   visible-sm-block\" style=\"height:60px;\"><\/div><div class=\"cherry-spacer   visible-xs-block\" style=\"height:60px;\"><\/div>\n<\/div>\n<\/div>\n<div class=\"row row-edge  \" >\n<div class=\"col-md-12 col-xs-offset-0 col-sm-offset-0 col-md-offset-0 col-lg-offset-0 col-xs-pull-0 col-sm-pull-0 col-md-pull-0 col-lg-pull-0 col-xs-push-0 col-sm-push-0 col-md-push-0 col-lg-push-0\">\n<div class=\"motopress-text-obj\">\n<h3 id=\"portfolio\" style=\"text-align: center;\">Portefeuille<\/h3>\n<\/div>\n<\/div>\n<\/div>\n<div class=\"row row-edge  \" >\n<div class=\"col-md-12 col-xs-offset-0 col-sm-offset-0 col-md-offset-0 col-lg-offset-0 col-xs-pull-0 col-sm-pull-0 col-md-pull-0 col-lg-pull-0 col-xs-push-0 col-sm-push-0 col-md-push-0 col-lg-push-0\">\n<div class=\"cherry-spacer   hidden-xs hidden-sm\" style=\"height:11px;\"><\/div><div class=\"cherry-spacer   visible-sm-block\" style=\"height:10px;\"><\/div><div class=\"cherry-spacer   visible-xs-block\" style=\"height:10px;\"><\/div>\n<\/div>\n<\/div>\n<div class=\"row row-edge  \" >\n<div class=\"col-md-12 col-xs-offset-0 col-sm-offset-0 col-md-offset-0 col-lg-offset-0 col-xs-pull-0 col-sm-pull-0 col-md-pull-0 col-lg-pull-0 col-xs-push-0 col-sm-push-0 col-md-push-0 col-lg-push-0\">\n<div class=\"cherry-spacer   hidden-xs hidden-sm\" style=\"height:31px;\"><\/div><div class=\"cherry-spacer   visible-sm-block\" style=\"height:31px;\"><\/div><div class=\"cherry-spacer   visible-xs-block\" style=\"height:31px;\"><\/div>\n<\/div>\n<\/div>\n<div class=\"row  \" ><div class=\"container\"><div class=\"row row-edge\">\n<div class=\"col-md-12 col-xs-offset-0 col-sm-offset-0 col-md-offset-0 col-lg-offset-0 col-xs-pull-0 col-sm-pull-0 col-md-pull-0 col-lg-pull-0 col-xs-push-0 col-sm-push-0 col-md-push-0 col-lg-push-0\">\n<div class=\"portfolio-wrap\"><div class=\"portfolio-filter with-ajax\" data-order-default=\"asc\" data-orderby-default=\"date\"><ul class=\"filter filter-category\"><li class=\"active\"><a href=\"javascript:void(0)\" data-cat-id=\"\" data-slug=\"\">Show all<\/a><\/li><li><a href=\"javascript:void(0)\" data-cat-id=\"17\" data-slug=\"01-sortiment\">Sortiment<\/a><\/li><li><a href=\"javascript:void(0)\" data-cat-id=\"18\" data-slug=\"02-technologie\">Technologien<\/a><\/li><li><a href=\"javascript:void(0)\" data-cat-id=\"21\" data-slug=\"03-pracovnemiesta\">Stellenausschreibungen<\/a><\/li><li><a href=\"javascript:void(0)\" data-cat-id=\"33\" data-slug=\"04-ekologia\">Soziale Verantwortung<\/a><\/li><\/ul><div class=\"clear\"><\/div><\/div><div class=\"portfolio-container grid-layout loading-animation-move-up\"  data-post-per-page=\"6\" data-column=\"3\" data-list-layout=\"grid-layout\" data-loading-mode=\"ajax-pagination\" data-item-margin=\"28\" data-fixed-height=\"300\" data-template=\"grid.tmpl\" data-posts-format=\"post-format-all\" data-single-term=\"\"><div class=\"portfolio-list\"  data-all-posts-count=\"19\"><\/div><\/div><\/div>\n<\/div>\n<\/div><\/div><\/div>\n<div class=\"row row-edge  \" >\n<div class=\"col-md-12 col-xs-offset-0 col-sm-offset-0 col-md-offset-0 col-lg-offset-0 col-xs-pull-0 col-sm-pull-0 col-md-pull-0 col-lg-pull-0 col-xs-push-0 col-sm-push-0 col-md-push-0 col-lg-push-0\">\n<div class=\"row row-edge  \" >\n<div class=\"col-md-12 col-xs-offset-0 col-sm-offset-0 col-md-offset-0 col-lg-offset-0 col-xs-pull-0 col-sm-pull-0 col-md-pull-0 col-lg-pull-0 col-xs-push-0 col-sm-push-0 col-md-push-0 col-lg-push-0\">\n<div class=\"cherry-spacer   hidden-xs hidden-sm\" style=\"height:74px;\"><\/div><div class=\"cherry-spacer   visible-sm-block\" style=\"height:74px;\"><\/div><div class=\"cherry-spacer   visible-xs-block\" style=\"height:60px;\"><\/div>\n<\/div>\n<\/div>\n<div class=\"row  \" ><div class=\"cherry-box   box-238\"><div class=\"inner\"><div class=\"container\"><div class=\"row row-edge\">\n<\/div><\/div><\/div><\/div><\/div>\n<div class=\"row row-edge  \" >\n<div class=\"col-md-12 col-xs-offset-0 col-sm-offset-0 col-md-offset-0 col-lg-offset-0 col-xs-pull-0 col-sm-pull-0 col-md-pull-0 col-lg-pull-0 col-xs-push-0 col-sm-push-0 col-md-push-0 col-lg-push-0\">\n<div class=\"cherry-spacer   hidden-xs hidden-sm\" style=\"height:67px;\"><\/div><div class=\"cherry-spacer   visible-sm-block\" style=\"height:57px;\"><\/div><div class=\"cherry-spacer   visible-xs-block\" style=\"height:57px;\"><\/div>\n<\/div>\n<\/div>\n<div class=\"row  \" ><div class=\"cherry-box   box-249\"><div class=\"inner\"><div class=\"container\"><div class=\"row row-edge\">\n<div class=\"col-md-12 col-xs-offset-0 col-sm-offset-0 col-md-offset-0 col-lg-offset-0 col-xs-pull-0 col-sm-pull-0 col-md-pull-0 col-lg-pull-0 col-xs-push-0 col-sm-push-0 col-md-push-0 col-lg-push-0\">\n<div class=\"cherry-tabs cherry-tabs-style-default\" data-active=\"1\"><div class=\"cherry-tabs-nav\"><span class=\"\" data-url=\"\" data-target=\"blank\"><strong>26 Jahre<br \/>\nErfahrung <\/strong><\/span><span class=\"\" data-url=\"\" data-target=\"blank\"><strong>Erzeugt in<br \/>\nder EU <\/strong><\/span><span class=\"\" data-url=\"\" data-target=\"blank\"><strong>Pers\u00f6nliche<br \/>\nEinstellung <\/strong><\/span><span class=\"\" data-url=\"\" data-target=\"blank\"><strong><br \/>\nQualit\u00e4t<br \/>\n<\/strong><\/span><span class=\"\" data-url=\"\" data-target=\"blank\"><strong><br \/>\nEilfertigkeit<br \/>\n<\/strong><\/span><span class=\"\" data-url=\"\" data-target=\"blank\"><strong>Umfangreiches<br \/>\nSortiment <\/strong><\/span><\/div><div class=\"cherry-tabs-panes\"><div class=\"cherry-tabs-pane cherry-clearfix\">\n<h3 style=\"text-align: center;\"><strong>Tradition verpflichtet<\/strong><\/h3>\n<p style=\"text-align: center;\"><span style=\"line-height: 1.5;\">Unser Unternehmen besteht seit 26 Jahren und unsere umfangreichen Erfahrungen sind die Voraussetzung f\u00fcr ein hohes Ma\u00df an Qualit\u00e4t und Service und ein hervorragendes Fundament f\u00fcr stete Innovationen und die Suche nach neuen Zug\u00e4ngen. <div class=\"cherry-spacer   hidden-xs hidden-sm\" style=\"height:54px;\"><\/div><div class=\"cherry-spacer   visible-sm-block\" style=\"height:54px;\"><\/div><div class=\"cherry-spacer   visible-xs-block\" style=\"height:30px;\"><\/div><\/span><\/p>\n<p style=\"text-align: center;\"><\/div>\n<div class=\"cherry-tabs-pane cherry-clearfix\">\n<h3 style=\"text-align: center;\"><strong>Zuhause ist Zuhause.<\/strong><\/h3>\n<p style=\"text-align: center;\">Wir betrachten die Europ\u00e4ische Union als unser gemeinsames Zuhause und den Raum zum Leben, in dem man gut handeln, bef\u00f6rdern, verantwortungsbewusst produzieren, verst\u00e4ndlich kommunizieren kann und Regeln eingehalten werden.<\/p>\n<p style=\"text-align: center;\"><div class=\"cherry-spacer   hidden-xs hidden-sm\" style=\"height:54px;\"><\/div><div class=\"cherry-spacer   visible-sm-block\" style=\"height:54px;\"><\/div><div class=\"cherry-spacer   visible-xs-block\" style=\"height:30px;\"><\/div>\n<p style=\"text-align: center;\"><span style=\"line-height: 1.5;\"><\/div>\n<div class=\"cherry-tabs-pane cherry-clearfix\">\n<h3 style=\"text-align: center;\"><strong>Jeder ist einmalig <\/strong><\/h3>\n<p style=\"text-align: center;\">Die Menschen auf der Welt sind nicht gleich, das gilt auch f\u00fcr Kunden. Jede Gesellschaft hat eine andere Kultur, Mode, Bed\u00fcrfnisse. Wir sind bem\u00fcht im h\u00f6chsten Ma\u00dfe empathisch auf die Bed\u00fcrfnisse unserer Kunden einzugehen und entsprechende L\u00f6sungen anzubieten.<\/p>\n<p style=\"text-align: center;\"><div class=\"cherry-spacer   hidden-xs hidden-sm\" style=\"height:54px;\"><\/div><div class=\"cherry-spacer   visible-sm-block\" style=\"height:54px;\"><\/div><div class=\"cherry-spacer   visible-xs-block\" style=\"height:30px;\"><\/div>\n<\/div>\n<div class=\"cherry-tabs-pane cherry-clearfix\">\n<h3 style=\"text-align: center;\"><strong>Qualit\u00e4t ohne Kompromisse <\/strong><\/h3>\n<p style=\"text-align: center;\">Makellose Verarbeitung, hohes Niveau der Endabnahme sowie der schnelle Zugang bei der L\u00f6sung von Problemen, sind f\u00fcr uns eine Selbstverst\u00e4ndlichkeit. Wir denken stets dar\u00fcber nach, wie man die Dinge besser machen kann.<\/p>\n<p style=\"text-align: center;\"><div class=\"cherry-spacer   hidden-xs hidden-sm\" style=\"height:54px;\"><\/div><div class=\"cherry-spacer   visible-sm-block\" style=\"height:54px;\"><\/div><div class=\"cherry-spacer   visible-xs-block\" style=\"height:30px;\"><\/div>\n<\/div>\n<div class=\"cherry-tabs-pane cherry-clearfix\">\n<h3 style=\"text-align: center;\"><strong>Zeit ist unbezahlbar<\/strong><\/h3>\n<p style=\"text-align: center;\">Ich wichtiger Faktor ist die Produktionsgeschwindigkeit. Uns ist bewusst, dass die Zeit knapp ist und die Kunden ungeduldig sind. Wir sind bem\u00fcht nach M\u00f6glichkeit die k\u00fcrzesten Lieferzeiten anzubieten und flexibel auf die Lieferw\u00fcnsche unserer Kunden zu reagieren.<\/p>\n<p style=\"text-align: center;\"><div class=\"cherry-spacer   hidden-xs hidden-sm\" style=\"height:54px;\"><\/div><div class=\"cherry-spacer   visible-sm-block\" style=\"height:54px;\"><\/div><div class=\"cherry-spacer   visible-xs-block\" style=\"height:30px;\"><\/div>\n<\/div>\n<div class=\"cherry-tabs-pane cherry-clearfix\">\n<h3 style=\"text-align: center;\"><strong>Die gesamte Garderobe unter einem Dach <\/strong><\/h3>\n<p style=\"text-align: center;\">Durch unser breites Technologieportefeuille k\u00f6nnen wir Kunden eine vielf\u00e4ltige Produktpalette an Business- und Freizeitkleidung f\u00fcr Herren oder Damen anbieten, vorwiegend aus Webstoffen, zu einem geringen Ma\u00df aber auch aus Jersey.<\/p>\n<p style=\"text-align: center;\"><div class=\"cherry-spacer   hidden-xs hidden-sm\" style=\"height:54px;\"><\/div><div class=\"cherry-spacer   visible-sm-block\" style=\"height:54px;\"><\/div><div class=\"cherry-spacer   visible-xs-block\" style=\"height:30px;\"><\/div>\n<\/div><\/div><\/div>\n<\/div>\n<\/div><\/div><\/div><\/div><\/div>\n<\/div>\n<\/div>","protected":false},"excerpt":{"rendered":"","protected":false},"author":1,"featured_media":0,"parent":0,"menu_order":0,"comment_status":"open","ping_status":"closed","template":"","meta":[],"_links":{"self":[{"href":"https:\/\/www.klemon.sk\/de\/wp-json\/wp\/v2\/pages\/5"}],"collection":[{"href":"https:\/\/www.klemon.sk\/de\/wp-json\/wp\/v2\/pages"}],"about":[{"href":"https:\/\/www.klemon.sk\/de\/wp-json\/wp\/v2\/types\/page"}],"author":[{"embeddable":true,"href":"https:\/\/www.klemon.sk\/de\/wp-json\/wp\/v2\/users\/1"}],"replies":[{"embeddable":true,"href":"https:\/\/www.klemon.sk\/de\/wp-json\/wp\/v2\/comments?post=5"}],"version-history":[{"count":121,"href":"https:\/\/www.klemon.sk\/de\/wp-json\/wp\/v2\/pages\/5\/revisions"}],"predecessor-version":[{"id":1310,"href":"https:\/\/www.klemon.sk\/de\/wp-json\/wp\/v2\/pages\/5\/revisions\/1310"}],"wp:attachment":[{"href":"https:\/\/www.klemon.sk\/de\/wp-json\/wp\/v2\/media?parent=5"}],"curies":[{"name":"wp","href":"https:\/\/api.w.org\/{rel}","templated":true}]}}