{"id":5,"date":"2015-05-25T09:53:27","date_gmt":"2015-05-25T09:53:27","guid":{"rendered":"https:\/\/www.klemon.sk\/?page_id=5"},"modified":"2016-11-25T17:14:04","modified_gmt":"2016-11-25T16:14:04","slug":"home","status":"publish","type":"page","link":"https:\/\/www.klemon.sk\/it\/","title":{"rendered":"Home"},"content":{"rendered":"<div class=\"row  \" ><div class=\"container\"><div class=\"row row-edge\">\n<div class=\"col-md-12 col-xs-offset-0 col-sm-offset-0 col-md-offset-0 col-lg-offset-0 col-xs-pull-0 col-sm-pull-0 col-md-pull-0 col-lg-pull-0 col-xs-push-0 col-sm-push-0 col-md-push-0 col-lg-push-0\">\n<div class=\"cherry-spacer   hidden-xs hidden-sm\" style=\"height:72px;\"><\/div><div class=\"cherry-spacer   visible-sm-block\" style=\"height:45px;\"><\/div><div class=\"cherry-spacer   visible-xs-block\" style=\"height:45px;\"><\/div>\n<\/div>\n<\/div><\/div><\/div>\n<div class=\"row row-edge  \" >\n<div class=\"col-md-12 col-xs-offset-0 col-sm-offset-0 col-md-offset-0 col-lg-offset-0 col-xs-pull-0 col-sm-pull-0 col-md-pull-0 col-lg-pull-0 col-xs-push-0 col-sm-push-0 col-md-push-0 col-lg-push-0\">\n<div class=\"row  \" ><div class=\"container\"><div class=\"row row-edge\">\n<div class=\"col-md-12 col-xs-offset-0 col-sm-offset-0 col-md-offset-0 col-lg-offset-0 col-xs-pull-0 col-sm-pull-0 col-md-pull-0 col-lg-pull-0 col-xs-push-0 col-sm-push-0 col-md-push-0 col-lg-push-0 custom_color-1\">\n<div class=\"motopress-text-obj\">\n<h6 style=\"text-align: center;\"><span style=\"font-size: 16px;\">\u00a0<\/span><\/h6>\n<\/div>\n<\/div>\n<\/div><\/div><\/div>\n<div class=\"row row-edge  \" >\n<div class=\"col-md-12 col-xs-offset-0 col-sm-offset-0 col-md-offset-0 col-lg-offset-0 col-xs-pull-0 col-sm-pull-0 col-md-pull-0 col-lg-pull-0 col-xs-push-0 col-sm-push-0 col-md-push-0 col-lg-push-0\">\n<div class=\"cherry-spacer   hidden-xs hidden-sm\" style=\"height:16px;\"><\/div><div class=\"cherry-spacer   visible-sm-block\" style=\"height:11px;\"><\/div><div class=\"cherry-spacer   visible-xs-block\" style=\"height:11px;\"><\/div>\n<\/div>\n<\/div>\n<div class=\"row  \" ><div class=\"container\"><div class=\"row row-edge\">\n<div class=\"col-md-12 col-xs-offset-0 col-sm-offset-0 col-md-offset-0 col-lg-offset-0 col-xs-pull-0 col-sm-pull-0 col-md-pull-0 col-lg-pull-0 col-xs-push-0 col-sm-push-0 col-md-push-0 col-lg-push-0\">\n<div class=\"motopress-text-obj\">\n<h1 id=\"sluzby\" style=\"text-align: center;\"><span style=\"color: #ffffff; font-family: SourceSansPro;\"><em>Your perfect MTM supplier.<\/em><\/span><\/h1>\n<\/div>\n<\/div>\n<\/div><\/div><\/div>\n<div class=\"row row-edge hero_indent \" >\n<div class=\"col-md-12 col-xs-offset-0 col-sm-offset-0 col-md-offset-0 col-lg-offset-0 col-xs-pull-0 col-sm-pull-0 col-md-pull-0 col-lg-pull-0 col-xs-push-0 col-sm-push-0 col-md-push-0 col-lg-push-0\">\n<div class=\"cherry-spacer   hidden-xs hidden-sm\" style=\"height:42px;\"><\/div><div class=\"cherry-spacer   visible-sm-block\" style=\"height:30px;\"><\/div><div class=\"cherry-spacer   visible-xs-block\" style=\"height:30px;\"><\/div>\n<\/div>\n<\/div>\n<div class=\"row  \" ><div class=\"container\"><div class=\"row row-edge\">\n<div class=\"col-md-12 col-xs-offset-0 col-sm-offset-0 col-md-offset-0 col-lg-offset-0 col-xs-pull-0 col-sm-pull-0 col-md-pull-0 col-lg-pull-0 col-xs-push-0 col-sm-push-0 col-md-push-0 col-lg-push-0\">\n<div class=\"cherry-swiper-carousel-container\"><section id=\"cherry-swiper-carousel-4\" class=\"cherry-swiper-carousel swiper-container template-swiper_carousel_1 \" data-post-per-page=\"3\" data-slides-per-view=\"3\" data-slides-per-group=\"1\" data-slides-per-column=\"1\" data-space-between-slides=\"0\" data-duration-speed=\"300\" data-swiper-loop=\"1\" data-free-mode=\"\" data-grab-cursor=\"\" data-mouse-wheel=\"\" data-centered-slide=\"\" data-swiper-effect=\"slide\" data-uniq-id=\"swiper-carousel-4\"><div class=\"swiper-wrapper\"><article class=\"cherry-swiper-carousel-slide swiper-slide post-item item-0 odd\"><div class=\"inner clearfix\"><div class=\"inner-wrap\">\r\n<figure class=\"post-thumbnail\"><a href=\"https:\/\/www.klemon.sk\/it\/nezaradene\/mtm\/\" title=\"MTM SERVIS &#8211; produzione su misura\" class=\"post-thumbnail_link\"><img class=\"wp-post-image croped-image \" data-ratio=\"0.592105263158\" width=\"304\" height=\"180\" src=\"https:\/\/www.klemon.sk\/wp-content\/uploads\/2016\/09\/MTM-304x180.jpg\" alt=\"\"><\/a><\/figure>\r\n<div class=\"content-wrap\">\r\n<h4><a href=\"https:\/\/www.klemon.sk\/it\/nezaradene\/mtm\/\" title=\"MTM SERVIS &#8211; produzione su misura\">MTM SERVIS &#8211; produzione su misura<\/a><\/h4>\r\n\r\n<div class=\"post-content part\">Produzione su misura di camicie e completi da uomo per partner grossisti. Offriamo una vasta gamma&#8230;<\/div>\r\n<a href=\"https:\/\/www.klemon.sk\/it\/nezaradene\/mtm\/\" class=\"cherry-btn cherry-btn-small cherry-btn-link\">leggi di pi\u00f9<\/a>\r\n<footer>\r\n Responses<\/footer>\r\n<\/div>\r\n<\/div><\/div><\/article><!--\/.cherry-swiper-carousel-item--><article class=\"cherry-swiper-carousel-slide swiper-slide post-item item-1 even\"><div class=\"inner clearfix\"><div class=\"inner-wrap\">\r\n<figure class=\"post-thumbnail\"><a href=\"https:\/\/www.klemon.sk\/it\/nezaradene\/workwear\/\" title=\"Indumenti da lavoro\" class=\"post-thumbnail_link\"><img class=\"wp-post-image croped-image \" data-ratio=\"0.592105263158\" width=\"304\" height=\"180\" src=\"https:\/\/www.klemon.sk\/wp-content\/uploads\/2015\/05\/pracovne-oblecenie-304x180.jpg\" alt=\"\"><\/a><\/figure>\r\n<div class=\"content-wrap\">\r\n<h4><a href=\"https:\/\/www.klemon.sk\/it\/nezaradene\/workwear\/\" title=\"Indumenti da lavoro\">Indumenti da lavoro<\/a><\/h4>\r\n\r\n<div class=\"post-content part\">Offriamo di capi di abbigliamento formale per team di lavoro variegati &#8211; ad esempio indumenti per&#8230;<\/div>\r\n<a href=\"https:\/\/www.klemon.sk\/it\/nezaradene\/workwear\/\" class=\"cherry-btn cherry-btn-small cherry-btn-link\">leggi di pi\u00f9<\/a>\r\n<footer>\r\n Responses<\/footer>\r\n<\/div>\r\n<\/div><\/div><\/article><!--\/.cherry-swiper-carousel-item--><article class=\"cherry-swiper-carousel-slide swiper-slide post-item item-2 odd\"><div class=\"inner clearfix\"><div class=\"inner-wrap\">\r\n<figure class=\"post-thumbnail\"><a href=\"https:\/\/www.klemon.sk\/it\/nezaradene\/wholesale\/\" title=\"Ma\u00dfgeschneiderte Gro\u00dfhandelsproduktion\" class=\"post-thumbnail_link\"><img class=\"wp-post-image croped-image \" data-ratio=\"0.592105263158\" width=\"304\" height=\"180\" src=\"https:\/\/www.klemon.sk\/wp-content\/uploads\/2015\/05\/velkoobchodna-vyroba-304x180.jpg\" alt=\"\"><\/a><\/figure>\r\n<div class=\"content-wrap\">\r\n<h4><a href=\"https:\/\/www.klemon.sk\/it\/nezaradene\/wholesale\/\" title=\"Ma\u00dfgeschneiderte Gro\u00dfhandelsproduktion\">Ma\u00dfgeschneiderte Gro\u00dfhandelsproduktion<\/a><\/h4>\r\n\r\n<div class=\"post-content part\">Umfangreiche M\u00f6glichkeiten der Serienproduktion zum Beispiel zum weiteren Verkauf im Einzelhandel.&#8230; Die Produktion kann unter Einsatz&#8230;<\/div>\r\n<a href=\"https:\/\/www.klemon.sk\/it\/nezaradene\/wholesale\/\" class=\"cherry-btn cherry-btn-small cherry-btn-link\">leggi di pi\u00f9<\/a>\r\n<footer>\r\n Responses<\/footer>\r\n<\/div>\r\n<\/div><\/div><\/article><!--\/.cherry-swiper-carousel-item--><\/div><div id=\"swiper-carousel-4-pagination\" class=\"swiper-pagination\"><\/div><\/section><\/div>\n<\/div>\n<\/div><\/div><\/div>\n<div id=\"ospl\"><\/div>\n<div class=\"row row-edge  \" >\n<div class=\"col-md-12 col-xs-offset-0 col-sm-offset-0 col-md-offset-0 col-lg-offset-0 col-xs-pull-0 col-sm-pull-0 col-md-pull-0 col-lg-pull-0 col-xs-push-0 col-sm-push-0 col-md-push-0 col-lg-push-0\">\n<div class=\"cherry-spacer   hidden-xs hidden-sm\" style=\"height:56px;\"><\/div><div class=\"cherry-spacer   visible-sm-block\" style=\"height:55px;\"><\/div><div class=\"cherry-spacer   visible-xs-block\" style=\"height:55px;\"><\/div>\n<\/div>\n<\/div>\n<div class=\"row row-edge  \" >\n<div class=\"col-md-12\">\n<h2 style=\"text-align: center;\"><strong>Informazioni sulla societ\u00e0 <\/strong><\/h2>\n<\/div>\n<\/div>\n<div class=\"row row-edge  \" >\n<div class=\"col-md-12 col-xs-offset-0 col-sm-offset-0 col-md-offset-0 col-lg-offset-0 col-xs-pull-0 col-sm-pull-0 col-md-pull-0 col-lg-pull-0 col-xs-push-0 col-sm-push-0 col-md-push-0 col-lg-push-0\">\n<div class=\"cherry-spacer   hidden-xs hidden-sm\" style=\"height:43px;\"><\/div><div class=\"cherry-spacer   visible-sm-block\" style=\"height:30px;\"><\/div><div class=\"cherry-spacer   visible-xs-block\" style=\"height:30px;\"><\/div>\n<\/div>\n<\/div>\n<div class=\"row  \" ><div class=\"container\"><div class=\"row row-edge\">\n<div class=\"col-md-12 col-xs-offset-0 col-sm-offset-0 col-md-offset-0 col-lg-offset-0 col-xs-pull-0 col-sm-pull-0 col-md-pull-0 col-lg-pull-0 col-xs-push-0 col-sm-push-0 col-md-push-0 col-lg-push-0\">\n<div class=\"motopress-text-obj motopress-margin-left-50 motopress-margin-right-50\">\n<h5 style=\"text-align: center;\">La societ\u00e0 KLEMON FASHION \u00e8 un&#8217;azienda familiare fondata nel 1990 che dispone di un ampio assortimento di produzione di abbigliamento che nel tempo si \u00e8 specializzata nella produzione in piccola serie e di prodotti su misura. Ai partner grossisti offriamo capacit\u00e0 di produzioni di abbigliamento per la produzione di prodotti nell\u2019ambito dei loro marchi privati di moda oppure per l\u2019abbigliamento dei loro dipendenti. Molti anni di attivit\u00e0 sul mercato, le esperienze e il background familiare sono la promessa che ci diamo ogni giorno insieme a pi\u00f9 di 120 dipendenti per impegnarci al massimo al fine di raggiungere il massimo livello di qualit\u00e0 nella produzione di abbigliamento e del servizio per i clienti.<\/h5>\n<\/div>\n<\/div>\n<\/div><\/div><\/div>\n<\/div>\n<\/div>\n<div class=\"row row-edge  \" >\n<div class=\"col-md-12 col-xs-offset-0 col-sm-offset-0 col-md-offset-0 col-lg-offset-0 col-xs-pull-0 col-sm-pull-0 col-md-pull-0 col-lg-pull-0 col-xs-push-0 col-sm-push-0 col-md-push-0 col-lg-push-0\">\n<div class=\"cherry-spacer   hidden-xs hidden-sm\" style=\"height:114px;\"><\/div><div class=\"cherry-spacer   visible-sm-block\" style=\"height:60px;\"><\/div><div class=\"cherry-spacer   visible-xs-block\" style=\"height:60px;\"><\/div>\n<\/div>\n<\/div>\n<div class=\"row row-edge  \" >\n<div class=\"col-md-12 col-xs-offset-0 col-sm-offset-0 col-md-offset-0 col-lg-offset-0 col-xs-pull-0 col-sm-pull-0 col-md-pull-0 col-lg-pull-0 col-xs-push-0 col-sm-push-0 col-md-push-0 col-lg-push-0\">\n<div class=\"motopress-text-obj\">\n<h3 id=\"portfolio\" style=\"text-align: center;\">Assortimento<\/h3>\n<\/div>\n<\/div>\n<\/div>\n<div class=\"row row-edge  \" >\n<div class=\"col-md-12 col-xs-offset-0 col-sm-offset-0 col-md-offset-0 col-lg-offset-0 col-xs-pull-0 col-sm-pull-0 col-md-pull-0 col-lg-pull-0 col-xs-push-0 col-sm-push-0 col-md-push-0 col-lg-push-0\">\n<div class=\"cherry-spacer   hidden-xs hidden-sm\" style=\"height:11px;\"><\/div><div class=\"cherry-spacer   visible-sm-block\" style=\"height:10px;\"><\/div><div class=\"cherry-spacer   visible-xs-block\" style=\"height:10px;\"><\/div>\n<\/div>\n<\/div>\n<div class=\"row row-edge  \" >\n<div class=\"col-md-12 col-xs-offset-0 col-sm-offset-0 col-md-offset-0 col-lg-offset-0 col-xs-pull-0 col-sm-pull-0 col-md-pull-0 col-lg-pull-0 col-xs-push-0 col-sm-push-0 col-md-push-0 col-lg-push-0\">\n<div class=\"cherry-spacer   hidden-xs hidden-sm\" style=\"height:31px;\"><\/div><div class=\"cherry-spacer   visible-sm-block\" style=\"height:31px;\"><\/div><div class=\"cherry-spacer   visible-xs-block\" style=\"height:31px;\"><\/div>\n<\/div>\n<\/div>\n<div class=\"row  \" ><div class=\"container\"><div class=\"row row-edge\">\n<div class=\"col-md-12 col-xs-offset-0 col-sm-offset-0 col-md-offset-0 col-lg-offset-0 col-xs-pull-0 col-sm-pull-0 col-md-pull-0 col-lg-pull-0 col-xs-push-0 col-sm-push-0 col-md-push-0 col-lg-push-0\">\n<div class=\"portfolio-wrap\"><div class=\"portfolio-filter with-ajax\" data-order-default=\"asc\" data-orderby-default=\"date\"><ul class=\"filter filter-category\"><li class=\"active\"><a href=\"javascript:void(0)\" data-cat-id=\"\" data-slug=\"\">Show all<\/a><\/li><li><a href=\"javascript:void(0)\" data-cat-id=\"17\" data-slug=\"01-sortiment\">Assortimento<\/a><\/li><li><a href=\"javascript:void(0)\" data-cat-id=\"18\" data-slug=\"02-technologie\">Tecnologia<\/a><\/li><li><a href=\"javascript:void(0)\" data-cat-id=\"21\" data-slug=\"03-pracovnemiesta\">Posti di lavoro<\/a><\/li><li><a href=\"javascript:void(0)\" data-cat-id=\"33\" data-slug=\"04-ekologia\">Responsabilit\u00e0 sociale<\/a><\/li><\/ul><div class=\"clear\"><\/div><\/div><div class=\"portfolio-container grid-layout loading-animation-move-up\"  data-post-per-page=\"6\" data-column=\"3\" data-list-layout=\"grid-layout\" data-loading-mode=\"ajax-pagination\" data-item-margin=\"28\" data-fixed-height=\"300\" data-template=\"grid.tmpl\" data-posts-format=\"post-format-all\" data-single-term=\"\"><div class=\"portfolio-list\"  data-all-posts-count=\"19\"><\/div><\/div><\/div>\n<\/div>\n<\/div><\/div><\/div>\n<div class=\"row row-edge  \" >\n<div class=\"col-md-12 col-xs-offset-0 col-sm-offset-0 col-md-offset-0 col-lg-offset-0 col-xs-pull-0 col-sm-pull-0 col-md-pull-0 col-lg-pull-0 col-xs-push-0 col-sm-push-0 col-md-push-0 col-lg-push-0\">\n<div class=\"row row-edge  \" >\n<div class=\"col-md-12 col-xs-offset-0 col-sm-offset-0 col-md-offset-0 col-lg-offset-0 col-xs-pull-0 col-sm-pull-0 col-md-pull-0 col-lg-pull-0 col-xs-push-0 col-sm-push-0 col-md-push-0 col-lg-push-0\">\n<div class=\"cherry-spacer   hidden-xs hidden-sm\" style=\"height:74px;\"><\/div><div class=\"cherry-spacer   visible-sm-block\" style=\"height:74px;\"><\/div><div class=\"cherry-spacer   visible-xs-block\" style=\"height:60px;\"><\/div>\n<\/div>\n<\/div>\n<div class=\"row  \" ><div class=\"cherry-box   box-510\"><div class=\"inner\"><div class=\"container\"><div class=\"row row-edge\">\n<\/div><\/div><\/div><\/div><\/div>\n<div class=\"row row-edge  \" >\n<div class=\"col-md-12 col-xs-offset-0 col-sm-offset-0 col-md-offset-0 col-lg-offset-0 col-xs-pull-0 col-sm-pull-0 col-md-pull-0 col-lg-pull-0 col-xs-push-0 col-sm-push-0 col-md-push-0 col-lg-push-0\">\n<div class=\"cherry-spacer   hidden-xs hidden-sm\" style=\"height:67px;\"><\/div><div class=\"cherry-spacer   visible-sm-block\" style=\"height:57px;\"><\/div><div class=\"cherry-spacer   visible-xs-block\" style=\"height:57px;\"><\/div>\n<\/div>\n<\/div>\n<div class=\"row  \" ><div class=\"cherry-box   box-578\"><div class=\"inner\"><div class=\"container\"><div class=\"row row-edge\">\n<div class=\"col-md-12 col-xs-offset-0 col-sm-offset-0 col-md-offset-0 col-lg-offset-0 col-xs-pull-0 col-sm-pull-0 col-md-pull-0 col-lg-pull-0 col-xs-push-0 col-sm-push-0 col-md-push-0 col-lg-push-0\">\n<div class=\"cherry-tabs cherry-tabs-style-default\" data-active=\"1\"><div class=\"cherry-tabs-nav\"><span class=\"\" data-url=\"\" data-target=\"blank\"><strong>26 anni di<br \/>\nesperienza pesi <\/strong><\/span><span class=\"\" data-url=\"\" data-target=\"blank\"><strong>Prodotto<br \/>\nnell\u2019UE <\/strong><\/span><span class=\"\" data-url=\"\" data-target=\"blank\"><strong>Approccio<br \/>\npersonalizzato <\/strong><\/span><span class=\"\" data-url=\"\" data-target=\"blank\"><strong><br \/>\nQualit\u00e0<\/strong><\/span><span class=\"\" data-url=\"\" data-target=\"blank\"><strong><br \/>\nVelocit\u00e0<\/strong><\/span><span class=\"\" data-url=\"\" data-target=\"blank\"><strong>Ampio<br \/>\nassortimento <\/strong><\/span><\/div><div class=\"cherry-tabs-panes\"><div class=\"cherry-tabs-pane cherry-clearfix\">\n<h3 style=\"text-align: center;\"><strong>La responsabilit\u00e0 della tradizione<\/strong><\/h3>\n<p style=\"text-align: center;\"><span style=\"line-height: 1.5;\">I 26 anni di attivit\u00e0 sul mercato della societ\u00e0 e le ricche esperienze sono il presupposto per un alto livello di qualit\u00e0 e di servizi e sono anche un\u2019ottima base per continuare a innovare e cercare nuove strade. <div class=\"cherry-spacer   hidden-xs hidden-sm\" style=\"height:54px;\"><\/div><div class=\"cherry-spacer   visible-sm-block\" style=\"height:54px;\"><\/div><div class=\"cherry-spacer   visible-xs-block\" style=\"height:30px;\"><\/div><\/span><\/p>\n<p style=\"text-align: center;\"><\/div>\n<div class=\"cherry-tabs-pane cherry-clearfix\">\n<h3 style=\"text-align: center;\"><strong>Casa dolce casa.<\/strong><\/h3>\n<p style=\"text-align: center;\">Riteniamo che l\u2019Unione europea sia la nostra casa e il nostro spazio vitale comuni nel quale \u00e8 facile commerciare, trasportare, produrre in modo responsabile e comunicare in modo chiaro rispettando le regole.<\/p>\n<p style=\"text-align: center;\"><div class=\"cherry-spacer   hidden-xs hidden-sm\" style=\"height:54px;\"><\/div><div class=\"cherry-spacer   visible-sm-block\" style=\"height:54px;\"><\/div><div class=\"cherry-spacer   visible-xs-block\" style=\"height:30px;\"><\/div>\n<p style=\"text-align: center;\"><span style=\"line-height: 1.5;\"><\/div>\n<div class=\"cherry-tabs-pane cherry-clearfix\">\n<h3 style=\"text-align: center;\"><strong>Siamo tutti unici<\/strong><\/h3>\n<p style=\"text-align: center;\">Nel mondo non esistono due persone uguali, e ci\u00f2 vale anche per i clienti. Ogni azienda ha una sua cultura, moda ed esigenze diverse. Ci sforziamo al massimo per capire in modo empatico le esigenze dei nostri clienti ed offrire soluzioni adeguate.<\/p>\n<p style=\"text-align: center;\"><div class=\"cherry-spacer   hidden-xs hidden-sm\" style=\"height:54px;\"><\/div><div class=\"cherry-spacer   visible-sm-block\" style=\"height:54px;\"><\/div><div class=\"cherry-spacer   visible-xs-block\" style=\"height:30px;\"><\/div>\n<\/div>\n<div class=\"cherry-tabs-pane cherry-clearfix\">\n<h3 style=\"text-align: center;\"><strong>Qualit\u00e0 senza compromessi<\/strong><\/h3>\n<p style=\"text-align: center;\">Una lavorazione impeccabile, un alto livello di controllo in entrata cos\u00ec come un approccio veloce alla risoluzione dei problemi sono cose ovvie. Pensiamo costantemente come rendere migliori le cose.<\/p>\n<p style=\"text-align: center;\"><div class=\"cherry-spacer   hidden-xs hidden-sm\" style=\"height:54px;\"><\/div><div class=\"cherry-spacer   visible-sm-block\" style=\"height:54px;\"><\/div><div class=\"cherry-spacer   visible-xs-block\" style=\"height:30px;\"><\/div>\n<\/div>\n<div class=\"cherry-tabs-pane cherry-clearfix\">\n<h3 style=\"text-align: center;\"><strong>Il tempo non ha prezzo<\/strong><\/h3>\n<p style=\"text-align: center;\">Un fattore importante \u00e8 la velocit\u00e0 di produzione. Sappiamo che il tempo \u00e8 poco e i clienti sono impazienti. Cerchiamo di offrire i tempi di consegna degli ordini pi\u00f9 veloci possibili e di reagire in modo flessibile alle richieste dei clienti relativamente alla fornitura.<\/p>\n<p style=\"text-align: center;\"><div class=\"cherry-spacer   hidden-xs hidden-sm\" style=\"height:54px;\"><\/div><div class=\"cherry-spacer   visible-sm-block\" style=\"height:54px;\"><\/div><div class=\"cherry-spacer   visible-xs-block\" style=\"height:30px;\"><\/div>\n<\/div>\n<div class=\"cherry-tabs-pane cherry-clearfix\">\n<h3 style=\"text-align: center;\"><strong>Un guardaroba intero sotto lo stesso tetto<\/strong><\/h3>\n<p style=\"text-align: center;\">L\u2019ampio assortimento tecnologico ci permette di offrire un assortimento variegato di produzione sia dello stile formale che di quello per il tempo libero, della moda da uomo o da donna, soprattutto nel campo dell\u2019elaborazione dei tessuti, ma in misura minore anche dei materiali a maglia.<\/p>\n<p style=\"text-align: center;\"><div class=\"cherry-spacer   hidden-xs hidden-sm\" style=\"height:54px;\"><\/div><div class=\"cherry-spacer   visible-sm-block\" style=\"height:54px;\"><\/div><div class=\"cherry-spacer   visible-xs-block\" style=\"height:30px;\"><\/div>\n<\/div><\/div><\/div>\n<\/div>\n<\/div><\/div><\/div><\/div><\/div>\n<\/div>\n<\/div>","protected":false},"excerpt":{"rendered":"","protected":false},"author":1,"featured_media":0,"parent":0,"menu_order":0,"comment_status":"open","ping_status":"closed","template":"","meta":[],"_links":{"self":[{"href":"https:\/\/www.klemon.sk\/it\/wp-json\/wp\/v2\/pages\/5"}],"collection":[{"href":"https:\/\/www.klemon.sk\/it\/wp-json\/wp\/v2\/pages"}],"about":[{"href":"https:\/\/www.klemon.sk\/it\/wp-json\/wp\/v2\/types\/page"}],"author":[{"embeddable":true,"href":"https:\/\/www.klemon.sk\/it\/wp-json\/wp\/v2\/users\/1"}],"replies":[{"embeddable":true,"href":"https:\/\/www.klemon.sk\/it\/wp-json\/wp\/v2\/comments?post=5"}],"version-history":[{"count":121,"href":"https:\/\/www.klemon.sk\/it\/wp-json\/wp\/v2\/pages\/5\/revisions"}],"predecessor-version":[{"id":1310,"href":"https:\/\/www.klemon.sk\/it\/wp-json\/wp\/v2\/pages\/5\/revisions\/1310"}],"wp:attachment":[{"href":"https:\/\/www.klemon.sk\/it\/wp-json\/wp\/v2\/media?parent=5"}],"curies":[{"name":"wp","href":"https:\/\/api.w.org\/{rel}","templated":true}]}}